{"id":1556,"date":"2014-12-02T15:23:48","date_gmt":"2014-12-02T15:23:48","guid":{"rendered":"http:\/\/michelsoares.com.br\/blog\/?page_id=1556"},"modified":"2022-03-23T01:51:51","modified_gmt":"2022-03-23T01:51:51","slug":"eventos","status":"publish","type":"page","link":"https:\/\/oratoriamichelsoares.com.br\/blog\/eventos\/","title":{"rendered":"\u00c1lbum de Eventos"},"content":{"rendered":"<p><span style=\"color: #990000;\"><strong>Bob Proctor no Brasil<\/strong><\/span><\/p>\n<p><img loading=\"lazy\" decoding=\"async\" class=\" alignnone\" src=\"https:\/\/oratoriamichelsoares.com.br\/blog\/wp-content\/uploads\/2012\/02\/Bob-Proctor-241107-02-300x229.jpg\" alt=\"Bob Proctor no Brasil - Treinamento inesquec\u00edvel\" width=\"300\" height=\"229\" \/><\/p>\n<p><span style=\"color: #990000;\"><strong>Michel Soares &amp; Robert Kyiosaki<\/strong><\/span><\/p>\n<p><img loading=\"lazy\" decoding=\"async\" class=\" alignnone\" src=\"https:\/\/oratoriamichelsoares.com.br\/blog\/wp-content\/uploads\/2012\/02\/michel_kyiosaki-300x177.jpg\" alt=\"Michel Soares &amp; Robert Kyiosaki\" width=\"300\" height=\"177\" \/><\/p>\n<p><span style=\"color: #990000;\"><strong>Congresso de P.N.L. &#8211; Michel Soares Orador Oficial<\/strong><\/span><\/p>\n<p><img loading=\"lazy\" decoding=\"async\" class=\" alignnone\" src=\"https:\/\/oratoriamichelsoares.com.br\/blog\/wp-content\/uploads\/2012\/02\/IMG_5451-300x240.jpg\" alt=\"Congresso de PNL - Michel Soares Orador Oficial\" width=\"300\" height=\"240\" \/><\/p>\n<p><span style=\"color: #990000;\"><strong>Freedom Coaching<\/strong><\/span><\/p>\n<p><img loading=\"lazy\" decoding=\"async\" class=\" alignnone\" src=\"https:\/\/oratoriamichelsoares.com.br\/blog\/wp-content\/uploads\/2012\/02\/Freedom_04-300x269.jpg\" alt=\"Freedom Coaching\" width=\"300\" height=\"269\" \/><\/p>\n<p><span style=\"color: #990000;\"><strong>Michel Soares &amp; Mario Jorge<\/strong><\/span><\/p>\n<p><img loading=\"lazy\" decoding=\"async\" class=\" alignnone\" src=\"https:\/\/oratoriamichelsoares.com.br\/blog\/wp-content\/uploads\/2012\/02\/IMG_5774-300x190.jpg\" alt=\"Congresso de PNL - Michel Soares e o Trainer Mario Jorge\" width=\"300\" height=\"190\" \/><\/p>\n<p><span style=\"color: #990000;\"><strong>Michel Soares e o Autor Jo\u00e3o Beuclair<\/strong><\/span><\/p>\n<p><img loading=\"lazy\" decoding=\"async\" class=\" alignnone\" src=\"https:\/\/oratoriamichelsoares.com.br\/blog\/wp-content\/uploads\/2012\/02\/JB-242x300.jpg\" alt=\"Michel Soares e o Escritor Jo\u00e3o Beauclair e sua obra \" width=\"242\" height=\"300\" \/><\/p>\n<p><span style=\"color: #990000;\"><strong>Palestra &#8211; Coaching de Objetivos<\/strong><\/span><\/p>\n<p><img loading=\"lazy\" decoding=\"async\" class=\" alignnone\" src=\"https:\/\/oratoriamichelsoares.com.br\/blog\/wp-content\/uploads\/2012\/02\/Inep-170309-08-231x300.jpg\" alt=\"Palestra - Coaching de Objetivos\" width=\"231\" height=\"300\" \/><\/p>\n<p><span style=\"color: #990000;\"><strong>Michel Soares Palestrante &#8211; Jornal do Com\u00e9rcio<\/strong><\/span><\/p>\n<p><img loading=\"lazy\" decoding=\"async\" class=\" alignnone\" src=\"https:\/\/oratoriamichelsoares.com.br\/blog\/wp-content\/uploads\/2012\/02\/jcmic.jpg\" alt=\"Michel Soares Palestrante\" width=\"323\" height=\"350\" \/><\/p>\n<p><span style=\"color: #990000;\"><strong>Oradores &#8211; Turma de 2012<\/strong><\/span><\/p>\n<p><img loading=\"lazy\" decoding=\"async\" class=\" alignnone\" src=\"https:\/\/oratoriamichelsoares.com.br\/blog\/wp-content\/uploads\/2012\/02\/155117_351610951597073_780119919_n.jpg\" alt=\"Oradores Michel Soares - 2012\" width=\"580\" height=\"400\" \/><\/p>\n<p><strong><span style=\"color: #990000;\">Fenix Coaching &#8211; Criando uma Vida Extraordin\u00e1ria<\/span><\/strong><\/p>\n<p><img loading=\"lazy\" decoding=\"async\" class=\" alignnone\" src=\"https:\/\/oratoriamichelsoares.com.br\/blog\/wp-content\/uploads\/2012\/02\/DSC002871.jpg\" alt=\"Criando uma Vida Extraordin\u00e1ria\" width=\"580\" height=\"430\" \/><\/p>\n<p><strong><span style=\"color: #990000;\">2\u00b0 Encontro do Sudeste &#8211; Palestra &#8220;Comunica\u00e7\u00e3o Assertiva&#8221;<\/span>\u00a0<\/strong><\/p>\n<p><img loading=\"lazy\" decoding=\"async\" class=\" alignnone\" src=\"https:\/\/oratoriamichelsoares.com.br\/blog\/wp-content\/uploads\/2012\/02\/afiperj1.png\" alt=\"2\u00b0 Encontro do Sudeste Receita Federal - Comunica\u00e7\u00e3o Assertiva\" width=\"300\" height=\"480\" \/><\/p>\n<p><strong><span style=\"color: #990000;\">Bruno Cortez &#8211; Jogador de Futebol<\/span> <\/strong><\/p>\n<p><img loading=\"lazy\" decoding=\"async\" class=\"alignnone wp-image-2550\" src=\"https:\/\/oratoriamichelsoares.com.br\/blog\/wp-content\/uploads\/2022\/03\/IMG-20210827-WA0061-234x300.jpg\" alt=\"\" width=\"280\" height=\"358\" srcset=\"https:\/\/oratoriamichelsoares.com.br\/blog\/wp-content\/uploads\/2022\/03\/IMG-20210827-WA0061-234x300.jpg 234w, https:\/\/oratoriamichelsoares.com.br\/blog\/wp-content\/uploads\/2022\/03\/IMG-20210827-WA0061-768x983.jpg 768w, https:\/\/oratoriamichelsoares.com.br\/blog\/wp-content\/uploads\/2022\/03\/IMG-20210827-WA0061-800x1024.jpg 800w, https:\/\/oratoriamichelsoares.com.br\/blog\/wp-content\/uploads\/2022\/03\/IMG-20210827-WA0061.jpg 1109w\" sizes=\"auto, (max-width: 280px) 100vw, 280px\" \/><\/p>\n<p><strong><span style=\"color: #990000;\">Stivie B &#8211; Cantor Americano<\/span> <\/strong><\/p>\n<p><img loading=\"lazy\" decoding=\"async\" class=\"alignnone size-medium wp-image-2549\" src=\"https:\/\/oratoriamichelsoares.com.br\/blog\/wp-content\/uploads\/2022\/03\/WhatsApp-Image-2020-11-19-at-12.08.05-1-300x198.jpeg\" alt=\"\" width=\"300\" height=\"198\" srcset=\"https:\/\/oratoriamichelsoares.com.br\/blog\/wp-content\/uploads\/2022\/03\/WhatsApp-Image-2020-11-19-at-12.08.05-1-300x198.jpeg 300w, https:\/\/oratoriamichelsoares.com.br\/blog\/wp-content\/uploads\/2022\/03\/WhatsApp-Image-2020-11-19-at-12.08.05-1-768x507.jpeg 768w, https:\/\/oratoriamichelsoares.com.br\/blog\/wp-content\/uploads\/2022\/03\/WhatsApp-Image-2020-11-19-at-12.08.05-1.jpeg 816w\" sizes=\"auto, (max-width: 300px) 100vw, 300px\" \/><\/p>\n<p>&nbsp;<\/p>\n","protected":false},"excerpt":{"rendered":"<p>Bob Proctor no Brasil Michel Soares &amp; Robert Kyiosaki Congresso de P.N.L. &#8211; Michel Soares Orador Oficial Freedom Coaching Michel Soares &amp; Mario Jorge Michel Soares e o Autor Jo\u00e3o Beuclair Palestra &#8211; Coaching de Objetivos Michel Soares Palestrante &#8211; Jornal do Com\u00e9rcio Oradores &#8211; Turma de 2012 Fenix Coaching &#8211; Criando uma Vida Extraordin\u00e1ria [&hellip;]<\/p>\n","protected":false},"author":1,"featured_media":0,"parent":0,"menu_order":0,"comment_status":"closed","ping_status":"open","template":"","meta":{"footnotes":""},"class_list":["post-1556","page","type-page","status-publish","hentry"],"_links":{"self":[{"href":"https:\/\/oratoriamichelsoares.com.br\/blog\/wp-json\/wp\/v2\/pages\/1556","targetHints":{"allow":["GET"]}}],"collection":[{"href":"https:\/\/oratoriamichelsoares.com.br\/blog\/wp-json\/wp\/v2\/pages"}],"about":[{"href":"https:\/\/oratoriamichelsoares.com.br\/blog\/wp-json\/wp\/v2\/types\/page"}],"author":[{"embeddable":true,"href":"https:\/\/oratoriamichelsoares.com.br\/blog\/wp-json\/wp\/v2\/users\/1"}],"replies":[{"embeddable":true,"href":"https:\/\/oratoriamichelsoares.com.br\/blog\/wp-json\/wp\/v2\/comments?post=1556"}],"version-history":[{"count":7,"href":"https:\/\/oratoriamichelsoares.com.br\/blog\/wp-json\/wp\/v2\/pages\/1556\/revisions"}],"predecessor-version":[{"id":2552,"href":"https:\/\/oratoriamichelsoares.com.br\/blog\/wp-json\/wp\/v2\/pages\/1556\/revisions\/2552"}],"wp:attachment":[{"href":"https:\/\/oratoriamichelsoares.com.br\/blog\/wp-json\/wp\/v2\/media?parent=1556"}],"curies":[{"name":"wp","href":"https:\/\/api.w.org\/{rel}","templated":true}]}}