{"id":2029,"date":"2011-07-21T22:36:44","date_gmt":"2011-07-21T22:36:44","guid":{"rendered":"http:\/\/michelsoares.com.br\/blog\/?page_id=2"},"modified":"2022-03-23T01:28:00","modified_gmt":"2022-03-23T01:28:00","slug":"sobre","status":"publish","type":"page","link":"https:\/\/oratoriamichelsoares.com.br\/blog\/sobre\/","title":{"rendered":"Michel Soares"},"content":{"rendered":"<p><img loading=\"lazy\" decoding=\"async\" class=\"alignleft\" title=\"Michel Soares\" src=\"https:\/\/oratoriamichelsoares.com.br\/blog\/wp-content\/uploads\/2011\/07\/michelsoaresblog1-150x147.jpg\" alt=\"Michel Soares\" width=\"150\" height=\"147\" \/><\/p>\n<p><span style=\"color: #990000;\"><strong>Michel Soares \u2013 Treinador Certificado.<\/strong><\/span><\/p>\n<p style=\"text-align: justify;\">Atrav\u00e9s de M\u00e9todos Modernos e Comprovados, Ajudo Pessoas de Diversas Profiss\u00f5es a Vencer o Medo de Falar em P\u00fablico, Desenvolver suas Habilidades de Comunica\u00e7\u00e3o, Persuas\u00e3o e Orat\u00f3ria para Encantar suas plateias e Realizar Apresenta\u00e7\u00f5es em Alto N\u00edvel.<\/p>\n<p style=\"text-align: justify;\">Descubra a Nova Tecnologia em Gest\u00e3o Emocional e Elimine o Medo de Falar em P\u00fablico em at\u00e9 8 Semanas. Desenvolva as Habilidades de Orat\u00f3ria para Encantar sua Plateia e Fazer Apresenta\u00e7\u00f5es Arrasadoras. Como Utilizar Corretamente os Recursos Audiovisuais e Fazer da sua Apresenta\u00e7\u00e3o um Verdadeiro Show.<\/p>\n<p><strong><span style=\"color: #990000;\">Curr\u00edculo<\/span><\/strong><\/p>\n<p style=\"text-align: justify;\">Orador Profissional Certificado, Palestrante, Coach com certifica\u00e7\u00e3o Internacional, Executive Coach formado por Jonh Richards (EUA), treinado por Bob Proctor, T. Harv Eker e Robert Kyiosaki autor de Pai Rico, Pai Pobre. Hipnoterapeuta com certifica\u00e7\u00e3o Internacional, Master Practitioner em EFT (Emotional Freedom Techniques), formado em P.N.L., Trainer Coach formado por MTI Metafusion Training Institute com certifica\u00e7\u00e3o internacional. Treinado pelos melhores institutos nacionais e internacionais. Oferece a seus clientes as melhores e mais extraordin\u00e1rias ferramentas de transforma\u00e7\u00e3o e maximiza\u00e7\u00e3o de habilidades pessoais e profissionais.<\/p>\n<p><strong><span style=\"color: #990000;\">Miss\u00e3o<\/span><\/strong><\/p>\n<p>Apoiar e motivar pessoas e empresas a atingirem um alto n\u00edvel de desempenho para obten\u00e7\u00e3o de resultados extraordin\u00e1rios e conquista de seus objetivos.<\/p>\n<p><strong><span style=\"color: #990000;\">Valores<\/span><\/strong><\/p>\n<p>Liberdade, Confian\u00e7a, Congru\u00eancia, Honestidade e \u00c9tica s\u00e3o alguns de meus valores.<\/p>\n<p>Muito obrigado pela visita!<\/p>\n<p>\u00c9 um privil\u00e9gio t\u00ea-lo como visitante.<\/p>\n<p><span style=\"color: #990000;\"><strong>Michel Soares<\/strong><\/span><\/p>\n<p>&nbsp;<\/p>\n","protected":false},"excerpt":{"rendered":"<p>Michel Soares \u2013 Treinador Certificado. Atrav\u00e9s de M\u00e9todos Modernos e Comprovados, Ajudo Pessoas de Diversas Profiss\u00f5es a Vencer o Medo de Falar em P\u00fablico, Desenvolver suas Habilidades de Comunica\u00e7\u00e3o, Persuas\u00e3o e Orat\u00f3ria para Encantar suas plateias e Realizar Apresenta\u00e7\u00f5es em Alto N\u00edvel. Descubra a Nova Tecnologia em Gest\u00e3o Emocional e Elimine o Medo de Falar [&hellip;]<\/p>\n","protected":false},"author":1,"featured_media":0,"parent":0,"menu_order":0,"comment_status":"closed","ping_status":"open","template":"","meta":{"footnotes":""},"class_list":["post-2029","page","type-page","status-publish","hentry"],"_links":{"self":[{"href":"https:\/\/oratoriamichelsoares.com.br\/blog\/wp-json\/wp\/v2\/pages\/2029","targetHints":{"allow":["GET"]}}],"collection":[{"href":"https:\/\/oratoriamichelsoares.com.br\/blog\/wp-json\/wp\/v2\/pages"}],"about":[{"href":"https:\/\/oratoriamichelsoares.com.br\/blog\/wp-json\/wp\/v2\/types\/page"}],"author":[{"embeddable":true,"href":"https:\/\/oratoriamichelsoares.com.br\/blog\/wp-json\/wp\/v2\/users\/1"}],"replies":[{"embeddable":true,"href":"https:\/\/oratoriamichelsoares.com.br\/blog\/wp-json\/wp\/v2\/comments?post=2029"}],"version-history":[{"count":1,"href":"https:\/\/oratoriamichelsoares.com.br\/blog\/wp-json\/wp\/v2\/pages\/2029\/revisions"}],"predecessor-version":[{"id":2542,"href":"https:\/\/oratoriamichelsoares.com.br\/blog\/wp-json\/wp\/v2\/pages\/2029\/revisions\/2542"}],"wp:attachment":[{"href":"https:\/\/oratoriamichelsoares.com.br\/blog\/wp-json\/wp\/v2\/media?parent=2029"}],"curies":[{"name":"wp","href":"https:\/\/api.w.org\/{rel}","templated":true}]}}