{"id":2275,"date":"2019-01-17T03:36:41","date_gmt":"2019-01-17T03:36:41","guid":{"rendered":"http:\/\/michelsoares.com.br\/blog\/?page_id=2275"},"modified":"2023-04-06T18:36:22","modified_gmt":"2023-04-06T18:36:22","slug":"depoimentos_nova","status":"publish","type":"page","link":"https:\/\/oratoriamichelsoares.com.br\/blog\/depoimentos_nova\/","title":{"rendered":"Depoimentos"},"content":{"rendered":"<p>Veja Aqui alguns depoimentos sobre meus Cursos ou sobre minha atua\u00e7\u00e3o Profissional.<\/p>\n<p>&nbsp;<\/p>\n<p><strong style=\"color: #990000;\">Depoimento de Denis Carneiro<\/strong><\/p>\n\r\n                <div class=\"image-caption\" style='width:781px;margin-top:0px;margin-bottom:px;margin-right:px;margin-left:px;float: left;'><img decoding=\"async\" alt=\"\" src=\"https:\/\/oratoriamichelsoares.com.br\/blog\/wp-content\/uploads\/2023\/04\/Palestrou-para-80-pessoas1.png\"  border=\"0\" class=\"full-width\" \/><\/div>\r\n            \n<p style=\"text-align: center;\"><strong><span style=\"color: #990000;\">Depoimento de Fernanda Pimentel<\/span><\/strong><\/p>\n<div align=\"center\"><iframe loading=\"lazy\" src=\"https:\/\/www.youtube.com\/embed\/TqC7viLWgW0?rel=0\" width=\"480\" height=\"360\" frameborder=\"0\" allowfullscreen=\"allowfullscreen\"><\/iframe><\/div>\n<p>&nbsp;<\/p>\n<p style=\"text-align: center;\"><span style=\"color: #990000;\"><strong>Transforma\u00e7\u00e3o do Orador Leonardo Fran\u00e7a<\/strong><\/span><\/p>\n<div align=\"center\"><iframe loading=\"lazy\" src=\"https:\/\/www.youtube.com\/embed\/Jy7RkG2GVv4?rel=0\" width=\"480\" height=\"360\" frameborder=\"0\" allowfullscreen=\"allowfullscreen\"><\/iframe><\/div>\n<p>&nbsp;<\/p>\n<p style=\"text-align: center;\"><strong><span style=\"color: #990000;\">Depoimento de Elaine Barros<\/span><\/strong><\/p>\n<div align=\"center\"><iframe loading=\"lazy\" src=\"https:\/\/www.youtube.com\/embed\/9idNJUyEiOI?rel=0\" width=\"480\" height=\"360\" frameborder=\"0\" allowfullscreen=\"allowfullscreen\"><\/iframe><\/div>\n<div align=\"center\"><\/div>\n<hr \/>\n<p><a href=\"https:\/\/oratoriamichelsoares.com.br\/blog\/wp-content\/uploads\/2012\/06\/Andre-Menezes.jpg\"><img loading=\"lazy\" decoding=\"async\" class=\"alignnone wp-image-1259 size-thumbnail\" style=\"border: 1px solid black; margin: 10px 15px;\" title=\"depoimentos\" src=\"https:\/\/oratoriamichelsoares.com.br\/blog\/wp-content\/uploads\/2012\/06\/Andre-Menezes-150x150.jpg\" alt=\"depoimentos\" width=\"150\" height=\"150\" \/><\/a><\/p>\n<p style=\"text-align: justify;\"><strong><span style=\"color: #990000;\">Depoimento de Andr\u00e9 Menezes<\/span> <\/strong>- \"Sem d\u00favidas o Michel foi o respons\u00e1vel pelo meu amadurecimento profissional e de superar o meu medo de falar em p\u00fablico. As sensa\u00e7\u00f5es desconfort\u00e1veis sentidas pr\u00e9-apresenta\u00e7\u00e3o, a ansiedade, o cora\u00e7\u00e3o acelerado, tudo isso mudou ap\u00f3s realizar os m\u00e9todos exclusivos do curso.<\/p>\n<p style=\"text-align: justify;\">Me surpreendeu n\u00e3o somente pela supera\u00e7\u00e3o em falar em p\u00fablico, mas por outros sentimentos que acabavam por me influenciar e o grande amigo Michel contribuiu para descobrirmos juntos \u00e1 causa de que tanto me angustiava, e eu n\u00e3o entendia o motivo. Mesmo ap\u00f3s concluir o curso, utilizo as t\u00e9cnicas para a minha vida.<\/p>\n<p style=\"text-align: justify;\">\u00c9 de total valia o curso ou pelo menos uma aula experimental! Mas o sucesso tamb\u00e9m depende de voc\u00ea, do seu empenho e comprometimento em apenas frequentar as aulas.<\/p>\n<p style=\"text-align: justify;\">Agrade\u00e7o o apoio, os ensinamentos e as t\u00e9cnicas aprendidas.<\/p>\n<p style=\"text-align: justify;\">Abra\u00e7os.<\/p>\n<p style=\"text-align: justify;\"><strong>Andr\u00e9 Menezes<\/strong><\/p>\n<hr \/>\n<p><img loading=\"lazy\" decoding=\"async\" class=\"alignnone wp-image-1276 size-thumbnail\" style=\"border: 1px solid black; margin: 10px 15px;\" title=\"depoimentos\" src=\"https:\/\/oratoriamichelsoares.com.br\/blog\/wp-content\/uploads\/2012\/06\/544405_313006698795151_909744547_n-150x150.jpg\" alt=\"depoimentos\" width=\"150\" height=\"150\" \/><\/p>\n<p style=\"text-align: justify;\"><strong><span style=\"color: #990000;\">Depoimento de Gustavo Medeiros<\/span><\/strong> - A Forma\u00e7\u00e3o de Oradores e Palestrantes com o Facilitador\/Coach Michel Soares superou minhas expectativas em todos os sentidos, eu buscava aprimorar minha comunica\u00e7\u00e3o, me apresentar melhor em p\u00fablico, e encontrei tudo isso e muito mais, um profissional excelente, experiente, com muitos conhecimentos no desenvolvimento humano e profissional, aprendi muito com Michel, e hoje me apresento muito melhor e agrade\u00e7o ao Michel por tudo.\"<\/p>\n<p style=\"text-align: justify;\"><span style=\"color: #000000;\"><strong>Gustavo Medeiros<\/strong><\/span><\/p>\n<hr \/>\n<p><img loading=\"lazy\" decoding=\"async\" class=\"size-thumbnail wp-image-1310 alignnone\" style=\"border: 1px solid black; margin: 10px 15px;\" title=\"pedro_fortuna\" src=\"https:\/\/oratoriamichelsoares.com.br\/blog\/wp-content\/uploads\/2012\/06\/pedro_fortuna-150x150.jpg\" alt=\"\" width=\"150\" height=\"150\" \/><\/p>\n<p style=\"text-align: justify;\"><span style=\"color: #990000;\"><strong>Depoimento de Pedro Fortuna<\/strong><\/span> - Estudei com o Michel Soares por um per\u00edodo muito curto. Todavia, neste curto espa\u00e7o de tempo, pude ver minha evolu\u00e7\u00e3o e a evolu\u00e7\u00e3o dos outros. A maioria entrou n\u00e3o sabendo nem se colocar diante do p\u00fablico e, em pouco tempo estava irreconhec\u00edvel, pelas t\u00e9cnicas, pelos gestos, pela coloca\u00e7\u00e3o, pela palavra.<\/p>\n<p style=\"text-align: justify;\">Michel tem uma forma simples e toda especial de passar suas t\u00e9cnicas, sem enrola\u00e7\u00e3o que, em poucas aulas o aluno j\u00e1 est\u00e1 apto a se apresentar. Acho que o grande segredo al\u00e9m da teoria \u00e9 a parte pr\u00e1tica, isto \u00e9, a apresenta\u00e7\u00e3o diante da turma e o feedback desta e do Michel, corrigindo os erros, apontando, instruindo, lapidando. Obrigado, Michel Soares, se hoje me apresento diante de qualquer plateia, devo isso a voc\u00ea.<\/p>\n<p style=\"text-align: justify;\"><strong>Pedro Fortuna<\/strong><\/p>\n<hr \/>\n<p><img loading=\"lazy\" decoding=\"async\" class=\"wp-image-2175 size-thumbnail alignnone\" style=\"border: 1px solid black; margin: 10px 15px;\" title=\"pedro_fortuna\" src=\"https:\/\/oratoriamichelsoares.com.br\/blog\/wp-content\/uploads\/2012\/06\/rosimere-1-150x150.jpg\" alt=\"\" width=\"150\" height=\"150\" \/><\/p>\n<p style=\"text-align: justify;\"><strong style=\"color: #990000;\">Depoimento de Rosimere Valentim <\/strong>- Fui aluna do Curso de Orat\u00f3ria do Michel Soares em 2012. Na \u00e9poca procurei a ajuda de um profissional da \u00e1rea por que era desesperadora a sensa\u00e7\u00e3o que eu tinha todas as vezes que precisava me expressar em p\u00fablico. Ficava frustrada com o mau desempenho nestas ocasi\u00f5es pois o nervosismo me causava um \"branco\", mesmo dominando o conte\u00fado a ser exposto. Com as t\u00e9cnicas ensinadas e praticadas nas aulas, trabalhamos nosso emocional e adquirimos as ferramentas que nos propiciaram dominar a arte de passar para o p\u00fablico nossos pensamentos, argumentos, propostas, etc... sem nos deixar dominar pelo medo do fracasso, pelo contr\u00e1rio, passando seguran\u00e7a e confian\u00e7a. Pelo seu trabalho competente, honesto e motivador sempre recomendo o curso do Michel para todos aqueles que tem dificuldades de falar em p\u00fablico.<\/p>\n<hr \/>\n<p style=\"text-align: center;\"><strong style=\"color: #990000;\">Depoimento de Marcia Irene<\/strong><\/p>\n<div align=\"center\"><iframe loading=\"lazy\" src=\"https:\/\/www.youtube.com\/embed\/TZsEMKJleDw?rel=0\" width=\"480\" height=\"270\" frameborder=\"0\" allowfullscreen=\"allowfullscreen\"><\/iframe><\/div>\n<div align=\"center\">\n<hr \/>\n<\/div>\n<p style=\"text-align: justify;\"><strong><span style=\"color: #990000;\"><img loading=\"lazy\" decoding=\"async\" class=\"alignnone wp-image-1983 size-full\" src=\"https:\/\/oratoriamichelsoares.com.br\/blog\/wp-content\/uploads\/2012\/06\/schlomer.jpg\" alt=\"schlomer\" width=\"150\" height=\"150\" \/><\/span><\/strong><\/p>\n<p style=\"text-align: justify;\"><strong><span style=\"color: #990000;\">Depoimento de Alessandro Schlomer<\/span><\/strong> - O curso de Orat\u00f3ria com o Michel Soares foi excelente para o meu desenvolvimento. Refor\u00e7ou a minha seguran\u00e7a para realiza\u00e7\u00e3o de palestras e reuni\u00f5es de neg\u00f3cios. O curso \u00e9 bem pr\u00e1tico e atende diversas necessidades relacionadas \u00e0 Orat\u00f3ria.<br \/>\nRecomendo!<\/p>\n<p><strong>Alessandro Schlomer<\/strong><\/p>\n<hr \/>\n<p><a href=\"http:\/\/michelsoares.com.br\/blog\/wp-content\/uploads\/2012\/06\/thiago_nunes.jpg\"><img loading=\"lazy\" decoding=\"async\" class=\"alignnone wp-image-1992\" src=\"https:\/\/oratoriamichelsoares.com.br\/blog\/wp-content\/uploads\/2012\/06\/thiago_nunes.jpg\" alt=\"thiago_nunes\" width=\"150\" height=\"208\" \/><\/a><\/p>\n<p style=\"text-align: justify;\"><strong><span style=\"color: #990000;\">Depoimento de Thiago Nunes<\/span><\/strong> - Possu\u00eda dificuldade em apresenta\u00e7\u00f5es corporativas principalmente por conta da inseguran\u00e7a e nervosismo. Assim, o treinamento do Michel atendeu plenamente minhas expectativas, pois aprendi as t\u00e9cnicas e dicas necess\u00e1rias para uma boa apresenta\u00e7\u00e3o, me dando tranquilidade e firmeza para as atividades do meu trabalho. Evolui bastante durante as semanas e hoje tenho certeza que utilizarei tais t\u00e9cnicas em v\u00e1rios aspectos da minha vida, n\u00e3o s\u00f3 o corporativo como pessoal.<\/p>\n<p><strong>Thiago Nunes<\/strong><\/p>\n<hr \/>\n<p><a href=\"http:\/\/michelsoares.com.br\/blog\/wp-content\/uploads\/2012\/06\/Tiego-Castro1.jpg\"><img loading=\"lazy\" decoding=\"async\" class=\"alignnone wp-image-2010 size-thumbnail\" src=\"https:\/\/oratoriamichelsoares.com.br\/blog\/wp-content\/uploads\/2012\/06\/Tiego-Castro1-150x150.jpg\" alt=\"Tiego Castro\" width=\"150\" height=\"150\" \/><\/a><\/p>\n<p style=\"text-align: justify;\"><strong><span style=\"color: #990000;\">Depoimento de Tiego Castro<\/span><\/strong> - <span style=\"color: #000000;\">\u201cProcurei o Curso de Orat\u00f3ria com o Michel Soares tendo como objetivo principal aprimorar o meu desempenho nas apresenta\u00e7\u00f5es que realizo. Antes de fazer o curso, eu tinha uma falsa impress\u00e3o que seria apenas um complemento no meu conhecimento de Orat\u00f3ria, e para minha surpresa, vi que n\u00e3o sabia nada e que as t\u00e9cnicas ensinadas no curso v\u00e3o muito al\u00e9m de simplesmente falar traspassando o conceito popular do que \u00e9 a arte da Orat\u00f3ria. Finalizando o curso houve uma revolu\u00e7\u00e3o nas minhas apresenta\u00e7\u00f5es que melhoraram muito, al\u00e9m de aumentar minha autoestima. Obrigado Michel por nos ensinar as t\u00e9cnicas com uma did\u00e1tica que nos faz querer sempre aprender e melhorar.\u201d<\/span><\/p>\n<p><strong>Tiego Castro<\/strong><\/p>\n<hr \/>\n<p><a href=\"http:\/\/michelsoares.com.br\/blog\/wp-content\/uploads\/2012\/06\/gustavo4.jpg\"><img loading=\"lazy\" decoding=\"async\" class=\"alignnone wp-image-2022 size-thumbnail\" title=\"depoimentos\" src=\"https:\/\/oratoriamichelsoares.com.br\/blog\/wp-content\/uploads\/2012\/06\/gustavo4-150x150.jpg\" alt=\"depoimentos\" width=\"150\" height=\"150\" \/><\/a><\/p>\n<p style=\"text-align: justify;\"><strong><span style=\"color: #990000;\">Depoimento de Luis Gustavo Almeida <\/span><\/strong>- \"Iniciei o curso apenas para dar um apoio a minha nova carreira de professor de TI, achei o pre\u00e7o muito em conta, e j\u00e1 tinha feito outro curso de orat\u00f3ria por uma valor bem maior. Mas o que mais me surpreendeu e me motivou foi o fato de gravar minhas apresenta\u00e7\u00f5es, assim ficava mais claro, o que, como e quando mudar. Hoje estou prestes a iniciar como instrutor e esse curso foi de fato decisivo no meu desempenho. Recomendo inclusive para quem deseja ter um maior auto-conhecimento.\"<\/p>\n<p><strong>Luis Gustavo Almeida<\/strong><\/p>\n<hr \/>\n<p style=\"text-align: center;\"><strong style=\"color: #990000;\">Depoimento de Nelsinho da Pipoca<\/strong><\/p>\n<div align=\"center\"><iframe loading=\"lazy\" src=\"https:\/\/www.youtube.com\/embed\/swEKdOlDadM?rel=0\" width=\"480\" height=\"360\" frameborder=\"0\" allowfullscreen=\"allowfullscreen\"><\/iframe><\/div>\n","protected":false},"excerpt":{"rendered":"<p>Veja Aqui alguns depoimentos sobre meus Cursos ou sobre minha atua\u00e7\u00e3o Profissional. &nbsp; Depoimento de Denis Carneiro Depoimento de Fernanda Pimentel &nbsp; Transforma\u00e7\u00e3o do Orador Leonardo Fran\u00e7a &nbsp; Depoimento de Elaine Barros Depoimento de Andr\u00e9 Menezes &#8211; &#8220;Sem d\u00favidas o Michel foi o respons\u00e1vel pelo meu amadurecimento profissional e de superar o meu medo de [&hellip;]<\/p>\n","protected":false},"author":1,"featured_media":0,"parent":0,"menu_order":0,"comment_status":"closed","ping_status":"closed","template":"","meta":{"footnotes":""},"class_list":["post-2275","page","type-page","status-publish","hentry"],"_links":{"self":[{"href":"https:\/\/oratoriamichelsoares.com.br\/blog\/wp-json\/wp\/v2\/pages\/2275","targetHints":{"allow":["GET"]}}],"collection":[{"href":"https:\/\/oratoriamichelsoares.com.br\/blog\/wp-json\/wp\/v2\/pages"}],"about":[{"href":"https:\/\/oratoriamichelsoares.com.br\/blog\/wp-json\/wp\/v2\/types\/page"}],"author":[{"embeddable":true,"href":"https:\/\/oratoriamichelsoares.com.br\/blog\/wp-json\/wp\/v2\/users\/1"}],"replies":[{"embeddable":true,"href":"https:\/\/oratoriamichelsoares.com.br\/blog\/wp-json\/wp\/v2\/comments?post=2275"}],"version-history":[{"count":5,"href":"https:\/\/oratoriamichelsoares.com.br\/blog\/wp-json\/wp\/v2\/pages\/2275\/revisions"}],"predecessor-version":[{"id":2567,"href":"https:\/\/oratoriamichelsoares.com.br\/blog\/wp-json\/wp\/v2\/pages\/2275\/revisions\/2567"}],"wp:attachment":[{"href":"https:\/\/oratoriamichelsoares.com.br\/blog\/wp-json\/wp\/v2\/media?parent=2275"}],"curies":[{"name":"wp","href":"https:\/\/api.w.org\/{rel}","templated":true}]}}